{"id":66,"date":"2022-03-21T14:41:33","date_gmt":"2022-03-21T14:41:33","guid":{"rendered":"http:\/\/lana-di.com\/?page_id=66"},"modified":"2022-03-21T14:41:33","modified_gmt":"2022-03-21T14:41:33","slug":"ejemplos","status":"publish","type":"page","link":"https:\/\/lana-di.com\/index.php\/ejemplos\/","title":{"rendered":"Ejemplos"},"content":{"rendered":"\n<p>1-Este bordado fue elaborado sobre un precioso vestido de novia, creaci\u00f3n de la gran dise\u00f1adora Alicia Rueda. La inspiraci\u00f3n para este trabajo fue la novia canadiense, que encarg\u00f3 el vestido, que quer\u00eda brillar sus ra\u00edces en el d\u00eda de su boda. Por tanto, la base del bordado fue: una hoja de arce (s\u00edmbolo de Canad\u00e1) y Paisley \/ cachemira, como s\u00edmbolo de las ra\u00edces persas del novio. El color tambi\u00e9n ha sido elegido en combinaci\u00f3n con las joyas de la familia. Trabajo realizado \u00edntegramente a mano con aguja sobre malla.<\/p>\n\n\n\n<figure class=\"wp-block-image size-large is-style-rounded\"><img loading=\"lazy\" decoding=\"async\" width=\"2560\" height=\"2560\" src=\"https:\/\/lana-di.com\/wp-content\/uploads\/2022\/03\/AO-BODA-685-edited-scaled.jpg\" alt=\"\" class=\"wp-image-69\" srcset=\"https:\/\/lana-di.com\/wp-content\/uploads\/2022\/03\/AO-BODA-685-edited-scaled.jpg 2560w, https:\/\/lana-di.com\/wp-content\/uploads\/2022\/03\/AO-BODA-685-edited-300x300.jpg 300w, https:\/\/lana-di.com\/wp-content\/uploads\/2022\/03\/AO-BODA-685-edited-1024x1024.jpg 1024w, https:\/\/lana-di.com\/wp-content\/uploads\/2022\/03\/AO-BODA-685-edited-150x150.jpg 150w, https:\/\/lana-di.com\/wp-content\/uploads\/2022\/03\/AO-BODA-685-edited-768x768.jpg 768w, https:\/\/lana-di.com\/wp-content\/uploads\/2022\/03\/AO-BODA-685-edited-1536x1536.jpg 1536w, https:\/\/lana-di.com\/wp-content\/uploads\/2022\/03\/AO-BODA-685-edited-2048x2048.jpg 2048w, https:\/\/lana-di.com\/wp-content\/uploads\/2022\/03\/AO-BODA-685-edited-2000x2000.jpg 2000w\" sizes=\"auto, (max-width: 2560px) 100vw, 2560px\" \/><\/figure>\n\n\n\n<div class=\"wp-block-buttons alignwide is-layout-flex wp-block-buttons-is-layout-flex\">\n<div class=\"wp-block-button aligncenter is-style-outline is-style-outline--1\"><a class=\"wp-block-button__link\">mas fotos de proceso<\/a><\/div>\n<\/div>\n\n\n\n<p>2- En este trabajo se ha utiliz\u00f3 la t\u00e9cnica \u201cpuntada a doble cara\u201d ideal para vestidos transparentes. Luce perfectamente tanto por el anverso como por el rev\u00e9s.<\/p>\n\n\n\n<p>3-Del mismo modo, adquir\u00ed el manejo del gancho de Luneville. El bordado de Luneville, que surge a inicios\/ finales\/ mediados del siglo XVII, apenas ha experimentado cambios con el paso de los a\u00f1os. Aprendi esta t\u00e9cnica en Rusia. Tras muchas horas de pr\u00e1ctica y el gran empe\u00f1o, el anzuelo qued\u00f3 conquistado!<br>El bordado en 4 dimensiones, es un tipo de bordado muy inspirador que abre espacio para la inspiraci\u00f3n e imaginaci\u00f3n. 100% artesanal para el sal\u00f3n de costura de Alicia Rueda.<\/p>\n\n\n\n<p><\/p>\n\n\n\n<ol class=\"wp-block-list\" start=\"4\"><li>El bordado en 4D es un tipo de bordado muy inspirador que abre espacio para la imaginaci\u00f3n. 100% artesanal para el atelier de Alicia Rueda.<\/li><\/ol>\n\n\n\n<p>5-En este proyecto, se puede apreciar la uni\u00f3n del bordado de eslabones de cadena con un crochet de Luneville en el que he empleado la t\u00e9cnica volum\u00e9trica 3D. La seda para las flores fue te\u00f1ida a mano. Este es un excelente material para este tipo de elaboraciones.<br>6- Bordado de punto satinado en la malla con aguja.<br>7 Os present\u00f3 la t\u00e9cnica cuyo inicio se remonta hace m\u00e1s de cien a\u00f1os atr\u00e1s . Todav\u00eda ni un solo desfile de las casas de moda m\u00e1s famosas puede prescindir de ella. Flores de seda te\u00f1ida. 100% artesanal. T\u00e9cnica europea y japonesa para obtenci\u00f3n de color.<br>8-adem\u00e1s de las t\u00e9cnicas antiguas, tambi\u00e9n me interesan mucho las tendencias modernas. Por ejemplo, bordado de collage. Lo estudi\u00e9 en Italia. No es menos interesante y variado.<br>9-T\u00e9cnicas volum\u00e9tricas para la elaboraci\u00f3n de productos a partir de abalorios, piedras, seda, terciopelo y otros materiales. Frecuentemente utilizado en vestidos, zapatos, bolsos, sombreros, broches y todo tipo de accesorios<\/p>\n","protected":false},"excerpt":{"rendered":"<p>1-Este bordado fue elaborado sobre un precioso vestido de novia, creaci\u00f3n de la gran dise\u00f1adora Alicia Rueda. La inspiraci\u00f3n para este trabajo fue la novia canadiense, que encarg\u00f3 el vestido, que quer\u00eda brillar sus ra\u00edces en el d\u00eda de su boda. Por tanto, la base del bordado fue: una hoja de arce (s\u00edmbolo de Canad\u00e1) &hellip; <\/p>\n<p class=\"link-more\"><a href=\"https:\/\/lana-di.com\/index.php\/ejemplos\/\" class=\"more-link\">Read more<span class=\"screen-reader-text\"> &#8220;Ejemplos&#8221;<\/span><\/a><\/p>\n","protected":false},"author":1,"featured_media":0,"parent":0,"menu_order":0,"comment_status":"closed","ping_status":"closed","template":"","meta":{"footnotes":""},"class_list":["post-66","page","type-page","status-publish","hentry"],"featured_media_urls":[],"_links":{"self":[{"href":"https:\/\/lana-di.com\/index.php\/wp-json\/wp\/v2\/pages\/66","targetHints":{"allow":["GET"]}}],"collection":[{"href":"https:\/\/lana-di.com\/index.php\/wp-json\/wp\/v2\/pages"}],"about":[{"href":"https:\/\/lana-di.com\/index.php\/wp-json\/wp\/v2\/types\/page"}],"author":[{"embeddable":true,"href":"https:\/\/lana-di.com\/index.php\/wp-json\/wp\/v2\/users\/1"}],"replies":[{"embeddable":true,"href":"https:\/\/lana-di.com\/index.php\/wp-json\/wp\/v2\/comments?post=66"}],"version-history":[{"count":1,"href":"https:\/\/lana-di.com\/index.php\/wp-json\/wp\/v2\/pages\/66\/revisions"}],"predecessor-version":[{"id":70,"href":"https:\/\/lana-di.com\/index.php\/wp-json\/wp\/v2\/pages\/66\/revisions\/70"}],"wp:attachment":[{"href":"https:\/\/lana-di.com\/index.php\/wp-json\/wp\/v2\/media?parent=66"}],"curies":[{"name":"wp","href":"https:\/\/api.w.org\/{rel}","templated":true}]}}