{"id":27,"date":"2022-03-21T14:02:18","date_gmt":"2022-03-21T14:02:18","guid":{"rendered":"http:\/\/lana-di.com\/?page_id=27"},"modified":"2022-03-23T11:20:51","modified_gmt":"2022-03-23T11:20:51","slug":"about","status":"publish","type":"page","link":"https:\/\/lana-di.com\/index.php\/about\/","title":{"rendered":"About"},"content":{"rendered":"\n<div class=\"wp-block-image is-style-rounded\"><figure class=\"aligncenter size-large is-resized\"><img loading=\"lazy\" decoding=\"async\" src=\"https:\/\/lana-di.com\/wp-content\/uploads\/2022\/03\/YUL_4236-copia-1024x683.jpg\" alt=\"\" class=\"wp-image-73\" width=\"534\" height=\"356\" srcset=\"https:\/\/lana-di.com\/wp-content\/uploads\/2022\/03\/YUL_4236-copia-1024x683.jpg 1024w, https:\/\/lana-di.com\/wp-content\/uploads\/2022\/03\/YUL_4236-copia-300x200.jpg 300w, https:\/\/lana-di.com\/wp-content\/uploads\/2022\/03\/YUL_4236-copia-768x512.jpg 768w, https:\/\/lana-di.com\/wp-content\/uploads\/2022\/03\/YUL_4236-copia.jpg 1350w\" sizes=\"auto, (max-width: 534px) 100vw, 534px\" \/><\/figure><\/div>\n\n\n\n<p>Hola, soy Svetlana Didenko. Aunque de or\u00edgenes soy rusa, os saludo desde Santander, ciudad donde vivo y donde desarrollo mi actividad creativa desde hace m\u00e1s de una d\u00e9cada.&nbsp;<\/p>\n\n\n\n<p>El bordado es mi pasi\u00f3n, mi aire, mi vida que me hace feliz. A lo largo del trabajo, estoy disfrutando cada minuto de este magn\u00edfico arte.<\/p>\n\n\n\n<p>Desde los comienzos&nbsp; de mi carrera, durante los primeros pasos de la etapa inicial, fue incre\u00edblemente dif\u00edcil elegir una direcci\u00f3n, un estilo concreto de bordado. Por eso mismo, finalmente he decidido no hacerlo, sino que, simplemente dejarme llevar, seguir adelante aprendiendo y mejorando, descubriendo y comprendiendo el misterioso mundo de este arte tan antiguo, pero a la vez tan actual y moderno.<\/p>\n\n\n\n<p>Os invito a emprender un viaje en el fascinante, asombroso, pero, sobre todo, el diverso mundo del bordado. En este viaje os voy a presentar algunos de mis trabajos realizados en diferentes t\u00e9cnicas de varios pa\u00edses, tales como Francia, Italia, Rusia y Jap\u00f3n.<\/p>\n\n\n\n<p>\u00a1Os deseo un viaje feliz!<\/p>\n\n\n\n<p>Saludos cordiales,&nbsp;<\/p>\n\n\n\n<p>Svetlana Didenko.&nbsp;<\/p>\n\n\n\n<h2 class=\"wp-block-heading\"><\/h2>\n\n\n\n<pre class=\"wp-block-verse\"><\/pre>\n\n\n\n<p><\/p>\n\n\n\n<div class=\"wp-block-image\"><figure class=\"aligncenter size-full\"><img loading=\"lazy\" decoding=\"async\" width=\"742\" height=\"122\" src=\"https:\/\/lana-di.com\/wp-content\/uploads\/2022\/03\/didi.jpg\" alt=\"\" class=\"wp-image-72\" srcset=\"https:\/\/lana-di.com\/wp-content\/uploads\/2022\/03\/didi.jpg 742w, https:\/\/lana-di.com\/wp-content\/uploads\/2022\/03\/didi-300x49.jpg 300w\" sizes=\"auto, (max-width: 742px) 100vw, 742px\" \/><\/figure><\/div>\n\n\n\n<div style=\"height:45px\" aria-hidden=\"true\" class=\"wp-block-spacer\"><\/div>\n\n\n\n<blockquote class=\"wp-block-quote is-layout-flow wp-block-quote-is-layout-flow\"><p>\u201cSe triunfa con lo que se aprende\u201d.<\/p><cite>Coco Chanel<\/cite><\/blockquote>\n\n\n\n<p><\/p>\n\n\n\n<p><\/p>\n\n\n\n<p><\/p>\n","protected":false},"excerpt":{"rendered":"<p>Hola, soy Svetlana Didenko. Aunque de or\u00edgenes soy rusa, os saludo desde Santander, ciudad donde vivo y donde desarrollo mi actividad creativa desde hace m\u00e1s de una d\u00e9cada.&nbsp; El bordado es mi pasi\u00f3n, mi aire, mi vida que me hace feliz. A lo largo del trabajo, estoy disfrutando cada minuto de este magn\u00edfico arte. Desde &hellip; <\/p>\n<p class=\"link-more\"><a href=\"https:\/\/lana-di.com\/index.php\/about\/\" class=\"more-link\">Read more<span class=\"screen-reader-text\"> &#8220;About&#8221;<\/span><\/a><\/p>\n","protected":false},"author":1,"featured_media":0,"parent":0,"menu_order":0,"comment_status":"closed","ping_status":"closed","template":"","meta":{"footnotes":""},"class_list":["post-27","page","type-page","status-publish","hentry"],"featured_media_urls":[],"_links":{"self":[{"href":"https:\/\/lana-di.com\/index.php\/wp-json\/wp\/v2\/pages\/27","targetHints":{"allow":["GET"]}}],"collection":[{"href":"https:\/\/lana-di.com\/index.php\/wp-json\/wp\/v2\/pages"}],"about":[{"href":"https:\/\/lana-di.com\/index.php\/wp-json\/wp\/v2\/types\/page"}],"author":[{"embeddable":true,"href":"https:\/\/lana-di.com\/index.php\/wp-json\/wp\/v2\/users\/1"}],"replies":[{"embeddable":true,"href":"https:\/\/lana-di.com\/index.php\/wp-json\/wp\/v2\/comments?post=27"}],"version-history":[{"count":7,"href":"https:\/\/lana-di.com\/index.php\/wp-json\/wp\/v2\/pages\/27\/revisions"}],"predecessor-version":[{"id":164,"href":"https:\/\/lana-di.com\/index.php\/wp-json\/wp\/v2\/pages\/27\/revisions\/164"}],"wp:attachment":[{"href":"https:\/\/lana-di.com\/index.php\/wp-json\/wp\/v2\/media?parent=27"}],"curies":[{"name":"wp","href":"https:\/\/api.w.org\/{rel}","templated":true}]}}